{"id":2,"date":"2023-04-04T16:29:47","date_gmt":"2023-04-04T14:29:47","guid":{"rendered":"http:\/\/izotopy.ueb.cas.cz\/?page_id=2"},"modified":"2024-04-09T18:59:22","modified_gmt":"2024-04-09T16:59:22","slug":"zkusebni-stranka","status":"publish","type":"page","link":"https:\/\/izotopy.ueb.cas.cz\/","title":{"rendered":"Izotopov\u00e1 laborato\u0159"},"content":{"rendered":"\n<h2 class=\"wp-block-heading has-text-align-center has-white-background-color has-text-color has-background has-link-color has-large-font-size wp-elements-2c9d8f6ded47125616eaf12d6b5bc917\" style=\"color:#519c76\">Izotopov\u00e1 laborato\u0159 \u00dastavu experiment\u00e1ln\u00ed botaniky AV \u010cR<\/h2>\n\n\n\n<p>Izotopov\u00e1 laborato\u0159 m\u00e1 dlouhou historii. \u00dastav nukle\u00e1rn\u00ed biologie a radiochemie p\u016fvodn\u011b s\u00eddlel v Praze. Po reform\u011b akademick\u00fdch \u00fastav\u016f v roce 1993 velk\u00e1 \u010d\u00e1st pracovn\u00edk\u016f byl za\u010dlen\u011bn jako Izotopov\u00e1 laborato\u0159 \u00dastavu experiment\u00e1ln\u00ed botaniky AV \u010cR. N\u011bkter\u00e9 dal\u0161\u00ed pracovn\u00edky pokra\u010dovali pr\u00e1ce na 1. L\u00e9ka\u0159sk\u00e9 fakult\u011b Univerzity Karlovi v Praze, nebo v deta\u0161ovan\u00e9m pracovi\u0161ti \u00dastavu analytick\u00e9 chemie AV \u010cR.<\/p>\n\n\n\n<ul class=\"wp-block-list\">\n<li><a href=\"https:\/\/izotopy.ueb.cas.cz\/index.php\/2023\/04\/05\/hlavni-stranka-izotopove-laboratore\/#oblasti\">Oblasti v\u00fdzkumu<\/a><\/li>\n\n\n\n<li><a href=\"https:\/\/izotopy.ueb.cas.cz\/index.php\/2023\/04\/05\/hlavni-stranka-izotopove-laboratore\/#publ\">Publikace<\/a><\/li>\n\n\n\n<li><a href=\"https:\/\/izotopy.ueb.cas.cz\/index.php\/2023\/04\/05\/hlavni-stranka-izotopove-laboratore\/#projects\">Projekty<\/a><\/li>\n\n\n\n<li><a href=\"https:\/\/izotopy.ueb.cas.cz\/index.php\/2023\/04\/05\/hlavni-stranka-izotopove-laboratore\/#contact\">Kontakty<\/a><\/li>\n<\/ul>\n\n\n\n<p><a href=\"https:\/\/izotopy.ueb.cas.cz\/wp-admin\/\">administrace<\/a> <\/p>\n\n\n<div class=\"wp-block-image\">\n<figure class=\"aligncenter size-full is-resized\"><img fetchpriority=\"high\" decoding=\"async\" width=\"1920\" height=\"1440\" src=\"https:\/\/izotopy.ueb.cas.cz\/wp-content\/uploads\/2023\/04\/Skupina-IL2021-1.jpg\" alt=\"\" class=\"wp-image-66\" style=\"width:1048px;height:auto\"\/><\/figure>\n<\/div>\n\n\n<h2 class=\"wp-block-heading\">Oblasti v\u00fdzkumu laborato\u0159e<\/h2>\n\n\n\n<p>V\u00fdzkum je roz\u010dlen\u011bn do n\u00e1sledujic\u00edch oblasti.<\/p>\n\n\n\n<p><a href=\"https:\/\/izotopy.ueb.cas.cz\/wp-admin\/\">administrace<\/a><\/p>\n\n\n\n<ul class=\"wp-block-list\">\n<li><a href=\"https:\/\/izotopy.ueb.cas.cz\/?page_id=15\" data-type=\"page\" data-id=\"15\">Synt\u00e9za a studium deriv\u00e1t\u016f mo\u010doviny vykazuj\u00edc\u00edch aktivitu na potla\u010den\u00ed stresu u rostlin<\/a><\/li>\n\n\n\n<li><a href=\"http:\/\/cytokininy\" data-type=\"URL\" data-id=\"cytokininy\">Synt\u00e9za cytokinin\u016f, v\u010detn\u011b zna\u010den\u00ed izotopem <sup>3<\/sup>H ve specifick\u00fdch poloh\u00e1ch \u0159et\u011bzce<\/a><\/li>\n\n\n\n<li>Zak\u00e1zkov\u00e1 synt\u00e9za l\u00e1tek zna\u010den\u00fdch izotopem <sup>3<\/sup>H a\/nebo <sup>14<\/sup>C<\/li>\n\n\n\n<li>Synt\u00e9za a studium deriv\u00e1t\u016f purinu, pyrimidinu a dal\u0161\u00edch heterocykl\u016f s cytotoxickou a protin\u00e1dorovou aktivitou<\/li>\n\n\n\n<li><a href=\"https:\/\/izotopy.ueb.cas.cz\/index.php\/2023\/04\/05\/studium-korenovych-cisticek-odpadni-vody\/\" data-type=\"post\" data-id=\"41\">Studium ko\u0159enov\u00fdch \u010disti\u010dek odpadn\u00ed vody<\/a><\/li>\n\n\n\n<li>Anal\u00fdza a p\u0159em\u011bna l\u00e1tek pomoc\u00ed radiostopovac\u00ed metody v rostlin\u00e1ch a \u017eivo\u010di\u0161\u00edch<\/li>\n\n\n\n<li>Anal\u00fdza a studium p\u016fsoben\u00ed t\u011b\u017ek\u00fdch kov\u016f a\/nebo metaloid\u016f na rostlinn\u00e9 hyperakumul\u00e1tory<\/li>\n\n\n\n<li>Chemick\u00e9 biologie a supramolekul\u00e1rn\u00ed chemie deriv\u00e1t\u016f triterpenoid\u016f<\/li>\n<\/ul>\n\n\n\n<h1 class=\"wp-block-heading\">Publikace<\/h1>\n\n\n\n<h2 class=\"wp-block-heading\">2023<\/h2>\n\n\n\n<ul class=\"wp-block-list\">\n<li><a href=\"http:\/\/www.ueb.cas.cz\/en\/content\/accumulation-toxic-arsenic-cherry-radish-tuber-raphanus-sativus-var-sativus-pers-and-its\">Accumulation of Toxic Arsenic by Cherry Radish Tuber (Raphanus sativus var. sativus Pers.) and Its Physiological, Metabolic and Anatomical Stress Responses<\/a> Pavl\u00edkov\u00e1 D., Pavl\u00edk M., Zemanov\u00e1 V., Nov\u00e1k M., Dole\u017eal P., Dobrev P.I., Motyka V., Kraus K. PLANTS 12 1257 (2023)<\/li>\n<\/ul>\n\n\n\n<h2 class=\"wp-block-heading\">2022<\/h2>\n\n\n\n<ul class=\"wp-block-list\">\n<li><a href=\"http:\/\/www.ueb.cas.cz\/en\/content\/aging-induced-structural-transition-nanoscale-oleanolic-acid-amphiphiles-and-selectivity\">Aging-Induced Structural Transition of Nanoscale Oleanolic Acid Amphiphiles and Selectivity against Gram-Positive Bacteria<\/a> \u00d6zdemir Z., \u0160aman D., Bedn\u00e1rov\u00e1 L., Pazderkov\u00e1 M., Janovsk\u00e1 L., Nonappa, Wimmer Z. ACS APPLIED NANO MATERIALS 5 3799-3810 (2022)<\/li>\n\n\n\n<li><a href=\"http:\/\/www.ueb.cas.cz\/en\/content\/arsenic-induced-response-roots-arsenic-hyperaccumulator-fern-and-soil-enzymatic-activity\">Arsenic-induced response in roots of arsenic-hyperaccumulator fern and soil enzymatic activity changes<\/a> Zemanov\u00e1 V., Pavl\u00edkov\u00e1 D., Nov\u00e1k M., Dobrev P.I., Matou\u0161ek T., Motyka V., Pavl\u00edk M. PLANT, SOIL AND ENVIRONMENT 68 213-222 (2022)<\/li>\n\n\n\n<li><a href=\"http:\/\/www.ueb.cas.cz\/en\/content\/gc-ms-exploration-photochemically-generated-species-os-w-and-ru-reductive-and-oxidative\">GC-MS Exploration of Photochemically Generated Species of Os, W and Ru from Reductive and Oxidative Media<\/a> Pagliano E., Vyhnanovsk\u00fd J., Musil S., Oliveira R., Forczek S. T., Sturgeon R. JOURNAL OF ANALYTICAL ATOMIC SPECTROMETRY in press (2022) <em>(<a rel=\"noreferrer noopener\" href=\"https:\/\/doi.org\/10.1039\/D1JA00448D\" target=\"_blank\">External fulltext<\/a>)<\/em><\/li>\n<\/ul>\n","protected":false},"excerpt":{"rendered":"<p>Izotopov\u00e1 laborato\u0159 \u00dastavu experiment\u00e1ln\u00ed botaniky AV \u010cR Izotopov\u00e1 laborato\u0159 m\u00e1 dlouhou historii. \u00dastav nukle\u00e1rn\u00ed biologie a radiochemie p\u016fvodn\u011b s\u00eddlel v Praze. Po reform\u011b akademick\u00fdch \u00fastav\u016f v roce 1993 velk\u00e1 \u010d\u00e1st pracovn\u00edk\u016f byl za\u010dlen\u011bn jako Izotopov\u00e1 laborato\u0159 \u00dastavu experiment\u00e1ln\u00ed botaniky AV \u010cR. N\u011bkter\u00e9 dal\u0161\u00ed pracovn\u00edky pokra\u010dovali pr\u00e1ce na 1. L\u00e9ka\u0159sk\u00e9 fakult\u011b Univerzity Karlovi v Praze, nebo [&hellip;]<\/p>\n","protected":false},"author":2,"featured_media":0,"parent":0,"menu_order":0,"comment_status":"closed","ping_status":"closed","template":"","meta":{"footnotes":""},"class_list":["post-2","page","type-page","status-publish","hentry"],"_links":{"self":[{"href":"https:\/\/izotopy.ueb.cas.cz\/index.php\/wp-json\/wp\/v2\/pages\/2","targetHints":{"allow":["GET"]}}],"collection":[{"href":"https:\/\/izotopy.ueb.cas.cz\/index.php\/wp-json\/wp\/v2\/pages"}],"about":[{"href":"https:\/\/izotopy.ueb.cas.cz\/index.php\/wp-json\/wp\/v2\/types\/page"}],"author":[{"embeddable":true,"href":"https:\/\/izotopy.ueb.cas.cz\/index.php\/wp-json\/wp\/v2\/users\/2"}],"replies":[{"embeddable":true,"href":"https:\/\/izotopy.ueb.cas.cz\/index.php\/wp-json\/wp\/v2\/comments?post=2"}],"version-history":[{"count":29,"href":"https:\/\/izotopy.ueb.cas.cz\/index.php\/wp-json\/wp\/v2\/pages\/2\/revisions"}],"predecessor-version":[{"id":152,"href":"https:\/\/izotopy.ueb.cas.cz\/index.php\/wp-json\/wp\/v2\/pages\/2\/revisions\/152"}],"wp:attachment":[{"href":"https:\/\/izotopy.ueb.cas.cz\/index.php\/wp-json\/wp\/v2\/media?parent=2"}],"curies":[{"name":"wp","href":"https:\/\/api.w.org\/{rel}","templated":true}]}}